{"id":2534,"date":"2025-07-15T08:39:45","date_gmt":"2025-07-15T06:39:45","guid":{"rendered":"https:\/\/eno.team\/start\/?post_type=product&#038;p=2534"},"modified":"2025-07-15T09:19:53","modified_gmt":"2025-07-15T07:19:53","slug":"potenzialanalyse-fuer-vertriebsfachkraefte","status":"publish","type":"product","link":"https:\/\/eno.team\/start\/produkt\/potenzialanalyse-fuer-vertriebsfachkraefte\/","title":{"rendered":"Potenzialanalyse f\u00fcr Vertriebsfachkr\u00e4fte"},"content":{"rendered":"<h2 data-start=\"0\" data-end=\"81\"><strong data-start=\"0\" data-end=\"81\">Potenzialanalyse des S\u00e4chsischen Unternehmerstammtisch e.V. \u2013 Ihr Weg zu mehr Klarheit \u00fcber Ihre St\u00e4rken<\/strong><\/h2>\n<p data-start=\"123\" data-end=\"353\">Sie m\u00f6chten herausfinden, wo Ihre individuellen St\u00e4rken als Person mit vertrieblicher Expertise liegen und wie Sie diese gezielt weiterentwickeln k\u00f6nnen?<\/p>\n<p data-start=\"123\" data-end=\"353\">Die <strong data-start=\"241\" data-end=\"277\">Potenzialanalyse des S\u00e4chsischen Unternehmerstammtisch e.V in Zusammenarbeit mit der gepedu GmbH<\/strong> bietet Ihnen genau diese M\u00f6glichkeit \u2013 fundiert, individuell und praxisnah.<\/p>\n<p data-start=\"355\" data-end=\"680\">Die Analyse richtet sich speziell an Vertriebsfachkr\u00e4fte, die ihre Kompetenzen besser verstehen, gezielt einsetzen und weiterentwickeln wollen. Sie erhalten ein umfassendes Bild Ihrer fachlichen, methodischen, sozialen und pers\u00f6nlichen F\u00e4higkeiten \u2013 abgestimmt auf die Anforderungen moderner Vertriebskarrieren.<\/p>\n<h2 data-start=\"682\" data-end=\"722\">Besonderheiten der Potenzialanalyse:<\/h2>\n<ul data-start=\"723\" data-end=\"1361\">\n<li data-start=\"723\" data-end=\"1003\">\n<p data-start=\"725\" data-end=\"1003\"><strong data-start=\"725\" data-end=\"763\">Wissenschaftlich fundiert &amp; valide<\/strong>: Die Potenzialanalyse basiert auf modernen psychologischen Verfahren und ist durch ihre hohe Validit\u00e4t besonders aussagekr\u00e4ftig. Sie bietet belastbare Ergebnisse, die als solide Grundlage f\u00fcr Personalentwicklung und Karriereplanung dienen.<\/p>\n<\/li>\n<li data-start=\"1004\" data-end=\"1185\">\n<p data-start=\"1006\" data-end=\"1185\"><strong data-start=\"1006\" data-end=\"1033\">Individuelle Auswertung<\/strong>: Jedes Ergebnis wird in einem ausf\u00fchrlichen Gutachten dargestellt, das nicht nur Ihre St\u00e4rken beleuchtet, sondern auch Entwicklungsfelder klar benennt.<\/p>\n<\/li>\n<\/ul>\n<h2 data-start=\"1363\" data-end=\"1394\">Mehrwert f\u00fcr Ihre Karriere:<\/h2>\n<p data-start=\"1395\" data-end=\"1768\">Das Gutachten, das Sie im Anschluss erhalten, kann <strong data-start=\"1446\" data-end=\"1489\">sinnvoll in Ihren Lebenslauf integriert<\/strong> werden und verschafft Ihnen bei Bewerbungen oder internen Entwicklungsgespr\u00e4chen einen authentischen und professionellen Vorsprung. Auch bei <strong data-start=\"1631\" data-end=\"1680\">Zielvereinbarungs- oder Mitarbeitergespr\u00e4chen<\/strong> bietet es eine fundierte Grundlage zur Positionierung Ihrer Kompetenzen und Potenziale.<\/p>\n<p data-start=\"1770\" data-end=\"2012\">Ob Sie Ihre Vertriebsrolle weiterentwickeln, den n\u00e4chsten Karriereschritt planen oder sich selbst besser verstehen m\u00f6chten \u2013 die Potenzialanalyse <strong data-start=\"0\" data-end=\"81\">des S\u00e4chsischen Unternehmerstammtisch e.V<\/strong> ist ein wertvolles Instrument, um Ihre berufliche Entwicklung aktiv zu gestalten.<\/p>\n<p data-start=\"1770\" data-end=\"2012\">\u00dcberzeugen Sie sich anhand eines Mustergutachten: <a href=\"https:\/\/eno.team\/start\/wp-content\/uploads\/2025\/06\/Muster_POT_Horizon-Consulting.pdf\" target=\"_blank\" rel=\"noopener\">Muster_Potenzialanalyse<\/a><\/p>\n<p data-start=\"2014\" data-end=\"2096\" data-is-last-node=\"\" data-is-only-node=\"\"><strong data-start=\"2014\" data-end=\"2096\" data-is-last-node=\"\">Entdecken Sie, was in Ihnen steckt \u2013 gezielt, fundiert und zukunftsorientiert.<\/strong><\/p>\n","protected":false},"excerpt":{"rendered":"<p>Potenzialanalyse f\u00fcr Vertriebskr\u00e4fte<\/p>\n","protected":false},"featured_media":2535,"template":"","meta":[],"product_brand":[],"product_cat":[68],"product_tag":[],"class_list":{"0":"post-2534","1":"product","2":"type-product","3":"status-publish","4":"has-post-thumbnail","6":"product_cat-lizenzen","8":"first","9":"instock","10":"sale","11":"downloadable","12":"virtual","13":"purchasable","14":"product-type-simple"},"_links":{"self":[{"href":"https:\/\/eno.team\/start\/wp-json\/wp\/v2\/product\/2534","targetHints":{"allow":["GET"]}}],"collection":[{"href":"https:\/\/eno.team\/start\/wp-json\/wp\/v2\/product"}],"about":[{"href":"https:\/\/eno.team\/start\/wp-json\/wp\/v2\/types\/product"}],"wp:featuredmedia":[{"embeddable":true,"href":"https:\/\/eno.team\/start\/wp-json\/wp\/v2\/media\/2535"}],"wp:attachment":[{"href":"https:\/\/eno.team\/start\/wp-json\/wp\/v2\/media?parent=2534"}],"wp:term":[{"taxonomy":"product_brand","embeddable":true,"href":"https:\/\/eno.team\/start\/wp-json\/wp\/v2\/product_brand?post=2534"},{"taxonomy":"product_cat","embeddable":true,"href":"https:\/\/eno.team\/start\/wp-json\/wp\/v2\/product_cat?post=2534"},{"taxonomy":"product_tag","embeddable":true,"href":"https:\/\/eno.team\/start\/wp-json\/wp\/v2\/product_tag?post=2534"}],"curies":[{"name":"wp","href":"https:\/\/api.w.org\/{rel}","templated":true}]}}