{"id":98,"date":"2024-07-29T09:40:41","date_gmt":"2024-07-29T09:40:41","guid":{"rendered":"https:\/\/eno.team\/start\/?page_id=98"},"modified":"2024-09-24T12:01:29","modified_gmt":"2024-09-24T10:01:29","slug":"nahrungsmittel","status":"publish","type":"page","link":"https:\/\/eno.team\/start\/nahrungsmittel\/","title":{"rendered":"Nahrungsmittel"},"content":{"rendered":"\t\t<div data-elementor-type=\"wp-page\" data-elementor-id=\"98\" class=\"elementor elementor-98\" data-elementor-post-type=\"page\">\n\t\t\t\t<div class=\"elementor-element elementor-element-38decde e-flex e-con-boxed e-con e-parent\" data-id=\"38decde\" data-element_type=\"container\" data-e-type=\"container\">\n\t\t\t\t\t<div class=\"e-con-inner\">\n\t\t<div class=\"elementor-element elementor-element-7a46b83 e-flex e-con-boxed e-con e-child\" data-id=\"7a46b83\" data-element_type=\"container\" data-e-type=\"container\">\n\t\t\t\t\t<div class=\"e-con-inner\">\n\t\t<div class=\"elementor-element elementor-element-e7ef034 e-flex e-con-boxed e-con e-child\" data-id=\"e7ef034\" data-element_type=\"container\" data-e-type=\"container\" data-settings=\"{&quot;background_background&quot;:&quot;classic&quot;}\">\n\t\t\t\t\t<div class=\"e-con-inner\">\n\t\t\t\t\t<\/div>\n\t\t\t\t<\/div>\n\t\t\t\t\t<\/div>\n\t\t\t\t<\/div>\n\t\t\t\t\t<\/div>\n\t\t\t\t<\/div>\n\t\t<div class=\"elementor-element elementor-element-174ca43 e-flex e-con-boxed e-con e-parent\" data-id=\"174ca43\" data-element_type=\"container\" data-e-type=\"container\">\n\t\t\t\t\t<div class=\"e-con-inner\">\n\t\t<div class=\"elementor-element elementor-element-cfeacb5 e-con-full e-flex e-con e-child\" data-id=\"cfeacb5\" data-element_type=\"container\" data-e-type=\"container\">\n\t\t\t\t<div class=\"elementor-element elementor-element-49371d2 elementor-widget elementor-widget-text-editor\" data-id=\"49371d2\" data-element_type=\"widget\" data-e-type=\"widget\" data-widget_type=\"text-editor.default\">\n\t\t\t\t<div class=\"elementor-widget-container\">\n\t\t\t\t\t\t\t\t\t<p class=\"p1\">Unser Expertenteam mit Vertreterinnen und Vertretern aus dem Bereich<\/p><ul><li class=\"p1\">B\u00e4cker<\/li><li class=\"p1\">Konditor<\/li><li class=\"p1\">Caterer<\/li><li class=\"p1\">Feinkost- und Delikatessenh\u00e4ndler<\/li><li class=\"p1\">Weinh\u00e4ndler und Winzer<\/li><li class=\"p1\">u.v.m.<\/li><\/ul><p>stehen f\u00fcr Ihre Belange zur Verf\u00fcgung. Nehmen Sie unverbindlich Kontakt auf.<\/p>\t\t\t\t\t\t\t\t<\/div>\n\t\t\t\t<\/div>\n\t\t\t\t<div class=\"elementor-element elementor-element-b54f0e6 elementor-widget elementor-widget-button\" data-id=\"b54f0e6\" data-element_type=\"widget\" data-e-type=\"widget\" data-widget_type=\"button.default\">\n\t\t\t\t<div class=\"elementor-widget-container\">\n\t\t\t\t\t\t\t\t\t<div class=\"elementor-button-wrapper\">\n\t\t\t\t\t<a class=\"elementor-button elementor-button-link elementor-size-sm\" href=\"https:\/\/eno.team\/start\/mitglied-werden\/\">\n\t\t\t\t\t\t<span class=\"elementor-button-content-wrapper\">\n\t\t\t\t\t\t\t\t\t<span class=\"elementor-button-text\">Kontakt<\/span>\n\t\t\t\t\t<\/span>\n\t\t\t\t\t<\/a>\n\t\t\t\t<\/div>\n\t\t\t\t\t\t\t\t<\/div>\n\t\t\t\t<\/div>\n\t\t\t\t<\/div>\n\t\t\t\t\t<\/div>\n\t\t\t\t<\/div>\n\t\t\t\t<\/div>\n\t\t","protected":false},"excerpt":{"rendered":"<p>Unser Expertenteam mit Vertreterinnen und Vertretern aus dem Bereich B\u00e4cker Konditor Caterer Feinkost- und Delikatessenh\u00e4ndler Weinh\u00e4ndler und Winzer u.v.m. stehen f\u00fcr Ihre Belange zur Verf\u00fcgung. Nehmen Sie unverbindlich Kontakt auf. Kontakt<\/p>\n","protected":false},"author":2,"featured_media":0,"parent":0,"menu_order":0,"comment_status":"closed","ping_status":"closed","template":"","meta":{"footnotes":""},"class_list":["post-98","page","type-page","status-publish","hentry"],"_links":{"self":[{"href":"https:\/\/eno.team\/start\/wp-json\/wp\/v2\/pages\/98","targetHints":{"allow":["GET"]}}],"collection":[{"href":"https:\/\/eno.team\/start\/wp-json\/wp\/v2\/pages"}],"about":[{"href":"https:\/\/eno.team\/start\/wp-json\/wp\/v2\/types\/page"}],"author":[{"embeddable":true,"href":"https:\/\/eno.team\/start\/wp-json\/wp\/v2\/users\/2"}],"replies":[{"embeddable":true,"href":"https:\/\/eno.team\/start\/wp-json\/wp\/v2\/comments?post=98"}],"version-history":[{"count":17,"href":"https:\/\/eno.team\/start\/wp-json\/wp\/v2\/pages\/98\/revisions"}],"predecessor-version":[{"id":1469,"href":"https:\/\/eno.team\/start\/wp-json\/wp\/v2\/pages\/98\/revisions\/1469"}],"wp:attachment":[{"href":"https:\/\/eno.team\/start\/wp-json\/wp\/v2\/media?parent=98"}],"curies":[{"name":"wp","href":"https:\/\/api.w.org\/{rel}","templated":true}]}}