{"id":92,"date":"2024-07-29T09:37:20","date_gmt":"2024-07-29T09:37:20","guid":{"rendered":"https:\/\/eno.team\/start\/?page_id=92"},"modified":"2024-09-24T11:18:43","modified_gmt":"2024-09-24T09:18:43","slug":"beratung-consulting","status":"publish","type":"page","link":"https:\/\/eno.team\/start\/beratung-consulting\/","title":{"rendered":"Beratung + Consulting"},"content":{"rendered":"\t\t<div data-elementor-type=\"wp-page\" data-elementor-id=\"92\" class=\"elementor elementor-92\" data-elementor-post-type=\"page\">\n\t\t\t\t<div class=\"elementor-element elementor-element-d6e2f4a e-flex e-con-boxed e-con e-parent\" data-id=\"d6e2f4a\" data-element_type=\"container\" data-e-type=\"container\">\n\t\t\t\t\t<div class=\"e-con-inner\">\n\t\t<div class=\"elementor-element elementor-element-f44f8f2 e-flex e-con-boxed e-con e-child\" data-id=\"f44f8f2\" data-element_type=\"container\" data-e-type=\"container\">\n\t\t\t\t\t<div class=\"e-con-inner\">\n\t\t<div class=\"elementor-element elementor-element-340dac2 e-flex e-con-boxed e-con e-child\" data-id=\"340dac2\" data-element_type=\"container\" data-e-type=\"container\" data-settings=\"{&quot;background_background&quot;:&quot;classic&quot;}\">\n\t\t\t\t\t<div class=\"e-con-inner\">\n\t\t\t\t\t<\/div>\n\t\t\t\t<\/div>\n\t\t\t\t\t<\/div>\n\t\t\t\t<\/div>\n\t\t\t\t\t<\/div>\n\t\t\t\t<\/div>\n\t\t<div class=\"elementor-element elementor-element-035fb87 e-flex e-con-boxed e-con e-parent\" data-id=\"035fb87\" data-element_type=\"container\" data-e-type=\"container\">\n\t\t\t\t\t<div class=\"e-con-inner\">\n\t\t<div class=\"elementor-element elementor-element-a194439 e-con-full e-flex e-con e-child\" data-id=\"a194439\" data-element_type=\"container\" data-e-type=\"container\">\n\t\t\t\t<div class=\"elementor-element elementor-element-9b049e7 elementor-widget elementor-widget-text-editor\" data-id=\"9b049e7\" data-element_type=\"widget\" data-e-type=\"widget\" data-widget_type=\"text-editor.default\">\n\t\t\t\t<div class=\"elementor-widget-container\">\n\t\t\t\t\t\t\t\t\t<p class=\"p1\">Unser Expertenteam mit Vertreterinnen und Vertretern aus dem Bereich<\/p><ul><li class=\"p1\">Existenzgr\u00fcndung<\/li><li class=\"p1\">F\u00f6rdermittel<\/li><li class=\"p1\">Kauf und Verkauf von Unternehmen<\/li><li class=\"p1\">Organisation und Prozesse<\/li><li class=\"p1\">Qualit\u00e4tsmanagement<\/li><li class=\"p1\">Restrukturierung und Sanierung<\/li><li class=\"p1\">Unternehmensf\u00fchrung<\/li><li class=\"p1\">Arbeitsschutz<\/li><li class=\"p1\">Energie- und Geb\u00e4udemanagement<\/li><li class=\"p1\">Risikomanagement<\/li><li class=\"p1\">Projektmanagement\u00a0<\/li><li class=\"p1\">u.v.m.<\/li><\/ul><p>stehen f\u00fcr Ihre Belange zur Verf\u00fcgung. Nehmen Sie unverbindlich Kontakt auf.<\/p>\t\t\t\t\t\t\t\t<\/div>\n\t\t\t\t<\/div>\n\t\t\t\t<div class=\"elementor-element elementor-element-69f45aa elementor-widget elementor-widget-button\" data-id=\"69f45aa\" data-element_type=\"widget\" data-e-type=\"widget\" data-widget_type=\"button.default\">\n\t\t\t\t<div class=\"elementor-widget-container\">\n\t\t\t\t\t\t\t\t\t<div class=\"elementor-button-wrapper\">\n\t\t\t\t\t<a class=\"elementor-button elementor-button-link elementor-size-sm\" href=\"https:\/\/eno.team\/start\/mitglied-werden\/\">\n\t\t\t\t\t\t<span class=\"elementor-button-content-wrapper\">\n\t\t\t\t\t\t\t\t\t<span class=\"elementor-button-text\">Kontakt<\/span>\n\t\t\t\t\t<\/span>\n\t\t\t\t\t<\/a>\n\t\t\t\t<\/div>\n\t\t\t\t\t\t\t\t<\/div>\n\t\t\t\t<\/div>\n\t\t\t\t<\/div>\n\t\t\t\t\t<\/div>\n\t\t\t\t<\/div>\n\t\t\t\t<\/div>\n\t\t","protected":false},"excerpt":{"rendered":"<p>Unser Expertenteam mit Vertreterinnen und Vertretern aus dem Bereich Existenzgr\u00fcndung F\u00f6rdermittel Kauf und Verkauf von Unternehmen Organisation und Prozesse Qualit\u00e4tsmanagement Restrukturierung und Sanierung Unternehmensf\u00fchrung Arbeitsschutz Energie- und Geb\u00e4udemanagement Risikomanagement Projektmanagement\u00a0 u.v.m. stehen f\u00fcr Ihre Belange zur Verf\u00fcgung. Nehmen Sie unverbindlich Kontakt auf. Kontakt<\/p>\n","protected":false},"author":2,"featured_media":0,"parent":0,"menu_order":0,"comment_status":"closed","ping_status":"closed","template":"","meta":{"footnotes":""},"class_list":["post-92","page","type-page","status-publish","hentry"],"_links":{"self":[{"href":"https:\/\/eno.team\/start\/wp-json\/wp\/v2\/pages\/92","targetHints":{"allow":["GET"]}}],"collection":[{"href":"https:\/\/eno.team\/start\/wp-json\/wp\/v2\/pages"}],"about":[{"href":"https:\/\/eno.team\/start\/wp-json\/wp\/v2\/types\/page"}],"author":[{"embeddable":true,"href":"https:\/\/eno.team\/start\/wp-json\/wp\/v2\/users\/2"}],"replies":[{"embeddable":true,"href":"https:\/\/eno.team\/start\/wp-json\/wp\/v2\/comments?post=92"}],"version-history":[{"count":26,"href":"https:\/\/eno.team\/start\/wp-json\/wp\/v2\/pages\/92\/revisions"}],"predecessor-version":[{"id":1409,"href":"https:\/\/eno.team\/start\/wp-json\/wp\/v2\/pages\/92\/revisions\/1409"}],"wp:attachment":[{"href":"https:\/\/eno.team\/start\/wp-json\/wp\/v2\/media?parent=92"}],"curies":[{"name":"wp","href":"https:\/\/api.w.org\/{rel}","templated":true}]}}