{"id":2829,"date":"2025-10-19T22:17:43","date_gmt":"2025-10-19T20:17:43","guid":{"rendered":"https:\/\/eno.team\/start\/?page_id=2829"},"modified":"2025-11-19T11:50:09","modified_gmt":"2025-11-19T09:50:09","slug":"enobildung","status":"publish","type":"page","link":"https:\/\/eno.team\/start\/enobildung\/","title":{"rendered":"ENO Bildung"},"content":{"rendered":"\t\t<div data-elementor-type=\"wp-page\" data-elementor-id=\"2829\" class=\"elementor elementor-2829\" data-elementor-post-type=\"page\">\n\t\t\t\t<div class=\"elementor-element elementor-element-1e9de1b e-flex e-con-boxed e-con e-parent\" data-id=\"1e9de1b\" data-element_type=\"container\" data-e-type=\"container\">\n\t\t\t\t\t<div class=\"e-con-inner\">\n\t\t<div class=\"elementor-element elementor-element-382beb3 e-con-full e-flex e-con e-child\" data-id=\"382beb3\" data-element_type=\"container\" data-e-type=\"container\">\n\t\t<div class=\"elementor-element elementor-element-3075b36 e-flex e-con-boxed e-con e-child\" data-id=\"3075b36\" data-element_type=\"container\" data-e-type=\"container\" data-settings=\"{&quot;background_background&quot;:&quot;classic&quot;}\">\n\t\t\t\t\t<div class=\"e-con-inner\">\n\t\t\t\t<div class=\"elementor-element elementor-element-0ab6f40 elementor-widget elementor-widget-heading\" data-id=\"0ab6f40\" data-element_type=\"widget\" data-e-type=\"widget\" data-widget_type=\"heading.default\">\n\t\t\t\t<div class=\"elementor-widget-container\">\n\t\t\t\t\t<h1 class=\"elementor-heading-title elementor-size-default\">ENO Bildung<\/h1>\t\t\t\t<\/div>\n\t\t\t\t<\/div>\n\t\t\t\t\t<\/div>\n\t\t\t\t<\/div>\n\t\t\t\t<\/div>\n\t\t\t\t\t<\/div>\n\t\t\t\t<\/div>\n\t\t<div class=\"elementor-element elementor-element-5268976 e-flex e-con-boxed e-con e-parent\" data-id=\"5268976\" data-element_type=\"container\" data-e-type=\"container\">\n\t\t\t\t\t<div class=\"e-con-inner\">\n\t\t<div class=\"elementor-element elementor-element-4e63f02 e-con-full e-flex e-con e-child\" data-id=\"4e63f02\" data-element_type=\"container\" data-e-type=\"container\">\n\t\t\t\t<div class=\"elementor-element elementor-element-2c1bd5a elementor-widget elementor-widget-image\" data-id=\"2c1bd5a\" data-element_type=\"widget\" data-e-type=\"widget\" data-widget_type=\"image.default\">\n\t\t\t\t<div class=\"elementor-widget-container\">\n\t\t\t\t\t\t\t\t\t\t\t\t\t\t\t\t<a href=\"https:\/\/www.business-akademie.com\" target=\"_blank\" rel=\"noopener\">\n\t\t\t\t\t\t\t<img fetchpriority=\"high\" decoding=\"async\" width=\"800\" height=\"514\" src=\"https:\/\/eno.team\/start\/wp-content\/uploads\/2025\/04\/busAk-Logo-color.jpg\" class=\"attachment-large size-large wp-image-2111\" alt=\"\" srcset=\"https:\/\/eno.team\/start\/wp-content\/uploads\/2025\/04\/busAk-Logo-color.jpg 800w, https:\/\/eno.team\/start\/wp-content\/uploads\/2025\/04\/busAk-Logo-color-300x193.jpg 300w, https:\/\/eno.team\/start\/wp-content\/uploads\/2025\/04\/busAk-Logo-color-768x493.jpg 768w\" sizes=\"(max-width: 800px) 100vw, 800px\" \/>\t\t\t\t\t\t\t\t<\/a>\n\t\t\t\t\t\t\t\t\t\t\t\t\t\t\t<\/div>\n\t\t\t\t<\/div>\n\t\t\t\t<div class=\"elementor-element elementor-element-0e96f9d elementor-widget elementor-widget-text-editor\" data-id=\"0e96f9d\" data-element_type=\"widget\" data-e-type=\"widget\" data-widget_type=\"text-editor.default\">\n\t\t\t\t<div class=\"elementor-widget-container\">\n\t\t\t\t\t\t\t\t\t<h1 style=\"text-align: center;\"><strong>600+<\/strong><\/h1><h1 style=\"text-align: center;\"><strong>Kurse<\/strong><\/h1>\t\t\t\t\t\t\t\t<\/div>\n\t\t\t\t<\/div>\n\t\t\t\t<\/div>\n\t\t<div class=\"elementor-element elementor-element-21ec753 e-con-full e-flex e-con e-child\" data-id=\"21ec753\" data-element_type=\"container\" data-e-type=\"container\">\n\t\t\t\t<div class=\"elementor-element elementor-element-d40a851 elementor-widget elementor-widget-text-editor\" data-id=\"d40a851\" data-element_type=\"widget\" data-e-type=\"widget\" data-widget_type=\"text-editor.default\">\n\t\t\t\t<div class=\"elementor-widget-container\">\n\t\t\t\t\t\t\t\t\t<p data-start=\"197\" data-end=\"659\">Die <strong data-start=\"201\" data-end=\"226\">IBB Business Akademie<\/strong>, eine Marke der <strong data-start=\"243\" data-end=\"285\">IBB Institut f\u00fcr Berufliche Bildung AG<\/strong>, z\u00e4hlt heute zu den f\u00fchrenden Anbietern beruflicher Weiterbildung in Deutschland und ist ein langj\u00e4hriger Partner des <strong>S\u00e4chsischen Unternehmerstammtisch e.V.<\/strong>.<\/p><p data-start=\"197\" data-end=\"659\">Sie bietet praxisnahe Seminare, Weiterbildungen und Zertifizierungsprogramme f\u00fcr Einzelpersonen, Unternehmen und Bildungsanbieter an \u2013 mit dem Ziel, Fach- und F\u00fchrungskr\u00e4fte gezielt auf die Anforderungen einer zunehmend digitalen und dynamischen Arbeitswelt vorzubereiten.<\/p><p data-start=\"661\" data-end=\"1071\">Das Angebot der Akademie umfasst ein breites Themenspektrum \u2013 von Management, Marketing und Wirtschaft \u00fcber Digitalisierung, Nachhaltigkeit und K\u00fcnstliche Intelligenz bis hin zu IHK-zertifizierten Fachwirtabschl\u00fcssen. Alle Formate werden flexibel und ortsunabh\u00e4ngig \u00fcber die digitale Lernplattform <strong data-start=\"959\" data-end=\"969\">Viona\u00ae<\/strong> durchgef\u00fchrt, die interaktive Live-Seminare, Gruppenarbeiten und individuelle F\u00f6rderung erm\u00f6glicht.<\/p><p data-start=\"1073\" data-end=\"1463\">Mit \u00fcber drei Jahrzehnten Erfahrung, einer hohen Praxisorientierung und modernen Lernkonzepten positioniert sich die IBB Business Akademie als verl\u00e4sslicher Partner f\u00fcr nachhaltige Kompetenzentwicklung. Dank flexibler Lernformate, ma\u00dfgeschneiderter InHouse-Schulungen und attraktiver F\u00f6rderm\u00f6glichkeiten bietet sie Unternehmen und Lernenden gleicherma\u00dfen zukunftsorientierte Bildungswege.<\/p>\t\t\t\t\t\t\t\t<\/div>\n\t\t\t\t<\/div>\n\t\t\t\t<\/div>\n\t\t\t\t\t<\/div>\n\t\t\t\t<\/div>\n\t\t<div class=\"elementor-element elementor-element-79c3983 e-flex e-con-boxed e-con e-parent\" data-id=\"79c3983\" data-element_type=\"container\" data-e-type=\"container\">\n\t\t\t\t\t<div class=\"e-con-inner\">\n\t\t\t\t<div class=\"elementor-element elementor-element-0a15c23 elementor-widget elementor-widget-text-editor\" data-id=\"0a15c23\" data-element_type=\"widget\" data-e-type=\"widget\" data-widget_type=\"text-editor.default\">\n\t\t\t\t<div class=\"elementor-widget-container\">\n\t\t\t\t\t\t\t\t\t<p style=\"text-align: center;\">F\u00fcr Mitglieder des S\u00e4chsische Unternehmerstammtisch e.V. auf alle Lehrg\u00e4nge<\/p><h2 style=\"text-align: center;\"><strong>20% Rabatt<\/strong><\/h2>\t\t\t\t\t\t\t\t<\/div>\n\t\t\t\t<\/div>\n\t\t\t\t\t<\/div>\n\t\t\t\t<\/div>\n\t\t<div class=\"elementor-element elementor-element-76a9a72 e-grid e-con-boxed e-con e-parent\" data-id=\"76a9a72\" data-element_type=\"container\" data-e-type=\"container\">\n\t\t\t\t\t<div class=\"e-con-inner\">\n\t\t\t\t<div class=\"elementor-element elementor-element-4c68316 elementor-widget elementor-widget-image\" data-id=\"4c68316\" data-element_type=\"widget\" data-e-type=\"widget\" data-widget_type=\"image.default\">\n\t\t\t\t<div class=\"elementor-widget-container\">\n\t\t\t\t\t\t\t\t\t\t\t\t<figure class=\"wp-caption\">\n\t\t\t\t\t\t\t\t\t\t\t<a href=\"https:\/\/www.business-akademie.com\/online-seminare\/it-edv-informatik\" target=\"_blank\" rel=\"noopener\">\n\t\t\t\t\t\t\t<img decoding=\"async\" width=\"96\" height=\"96\" src=\"https:\/\/eno.team\/start\/wp-content\/uploads\/2025\/10\/itinformatik.jpg\" class=\"attachment-large size-large wp-image-2836\" alt=\"\" \/>\t\t\t\t\t\t\t\t<\/a>\n\t\t\t\t\t\t\t\t\t\t\t<figcaption class=\"widget-image-caption wp-caption-text\">IT\nund\nInformatik<\/figcaption>\n\t\t\t\t\t\t\t\t\t\t<\/figure>\n\t\t\t\t\t\t\t\t\t<\/div>\n\t\t\t\t<\/div>\n\t\t\t\t<div class=\"elementor-element elementor-element-59722d5 elementor-widget elementor-widget-image\" data-id=\"59722d5\" data-element_type=\"widget\" data-e-type=\"widget\" data-widget_type=\"image.default\">\n\t\t\t\t<div class=\"elementor-widget-container\">\n\t\t\t\t\t\t\t\t\t\t\t\t<figure class=\"wp-caption\">\n\t\t\t\t\t\t\t\t\t\t\t<a href=\"https:\/\/www.business-akademie.com\/online-seminare\/digitalisierung-daten-analyse\" target=\"_blank\" rel=\"noopener\">\n\t\t\t\t\t\t\t<img decoding=\"async\" width=\"96\" height=\"96\" src=\"https:\/\/eno.team\/start\/wp-content\/uploads\/2025\/10\/konnektivitaetdigitalisierung.jpg\" class=\"attachment-large size-large wp-image-2837\" alt=\"\" \/>\t\t\t\t\t\t\t\t<\/a>\n\t\t\t\t\t\t\t\t\t\t\t<figcaption class=\"widget-image-caption wp-caption-text\">Konnektivit\u00e4t und Digitalisierung<\/figcaption>\n\t\t\t\t\t\t\t\t\t\t<\/figure>\n\t\t\t\t\t\t\t\t\t<\/div>\n\t\t\t\t<\/div>\n\t\t\t\t<div class=\"elementor-element elementor-element-474417d elementor-widget elementor-widget-image\" data-id=\"474417d\" data-element_type=\"widget\" data-e-type=\"widget\" data-widget_type=\"image.default\">\n\t\t\t\t<div class=\"elementor-widget-container\">\n\t\t\t\t\t\t\t\t\t\t\t\t<figure class=\"wp-caption\">\n\t\t\t\t\t\t\t\t\t\t\t<a href=\"https:\/\/www.business-akademie.com\/online-seminare\/weiterbildung-kuenstliche-intelligenz\" target=\"_blank\" rel=\"noopener\">\n\t\t\t\t\t\t\t<img loading=\"lazy\" decoding=\"async\" width=\"96\" height=\"96\" src=\"https:\/\/eno.team\/start\/wp-content\/uploads\/2025\/10\/kuenstlicheintelligenz.jpg\" class=\"attachment-large size-large wp-image-2838\" alt=\"\" \/>\t\t\t\t\t\t\t\t<\/a>\n\t\t\t\t\t\t\t\t\t\t\t<figcaption class=\"widget-image-caption wp-caption-text\">K\u00fcnstliche Intelligenz<\/figcaption>\n\t\t\t\t\t\t\t\t\t\t<\/figure>\n\t\t\t\t\t\t\t\t\t<\/div>\n\t\t\t\t<\/div>\n\t\t\t\t<div class=\"elementor-element elementor-element-6d84f33 elementor-widget elementor-widget-image\" data-id=\"6d84f33\" data-element_type=\"widget\" data-e-type=\"widget\" data-widget_type=\"image.default\">\n\t\t\t\t<div class=\"elementor-widget-container\">\n\t\t\t\t\t\t\t\t\t\t\t\t<figure class=\"wp-caption\">\n\t\t\t\t\t\t\t\t\t\t\t<a href=\"https:\/\/www.business-akademie.com\/online-seminare\/management-steuerung-controlling\" target=\"_blank\" rel=\"noopener\">\n\t\t\t\t\t\t\t<img loading=\"lazy\" decoding=\"async\" width=\"96\" height=\"96\" src=\"https:\/\/eno.team\/start\/wp-content\/uploads\/2025\/10\/management.jpg\" class=\"attachment-large size-large wp-image-2840\" alt=\"\" \/>\t\t\t\t\t\t\t\t<\/a>\n\t\t\t\t\t\t\t\t\t\t\t<figcaption class=\"widget-image-caption wp-caption-text\">Management und Steuerung<\/figcaption>\n\t\t\t\t\t\t\t\t\t\t<\/figure>\n\t\t\t\t\t\t\t\t\t<\/div>\n\t\t\t\t<\/div>\n\t\t\t\t<div class=\"elementor-element elementor-element-02f9991 elementor-widget elementor-widget-image\" data-id=\"02f9991\" data-element_type=\"widget\" data-e-type=\"widget\" data-widget_type=\"image.default\">\n\t\t\t\t<div class=\"elementor-widget-container\">\n\t\t\t\t\t\t\t\t\t\t\t\t<figure class=\"wp-caption\">\n\t\t\t\t\t\t\t\t\t\t\t<a href=\"https:\/\/www.business-akademie.com\/online-seminare\/marketing-vertrieb-verkauf\" target=\"_blank\" rel=\"noopener\">\n\t\t\t\t\t\t\t<img loading=\"lazy\" decoding=\"async\" width=\"96\" height=\"96\" src=\"https:\/\/eno.team\/start\/wp-content\/uploads\/2025\/10\/marketingvertrieb.jpg\" class=\"attachment-large size-large wp-image-2841\" alt=\"\" \/>\t\t\t\t\t\t\t\t<\/a>\n\t\t\t\t\t\t\t\t\t\t\t<figcaption class=\"widget-image-caption wp-caption-text\">Marketing und Vertrieb<\/figcaption>\n\t\t\t\t\t\t\t\t\t\t<\/figure>\n\t\t\t\t\t\t\t\t\t<\/div>\n\t\t\t\t<\/div>\n\t\t\t\t<div class=\"elementor-element elementor-element-f21920a elementor-widget elementor-widget-image\" data-id=\"f21920a\" data-element_type=\"widget\" data-e-type=\"widget\" data-widget_type=\"image.default\">\n\t\t\t\t<div class=\"elementor-widget-container\">\n\t\t\t\t\t\t\t\t\t\t\t\t<figure class=\"wp-caption\">\n\t\t\t\t\t\t\t\t\t\t\t<a href=\"https:\/\/www.business-akademie.com\/online-seminare\/nachhaltigkeitsmanagement-csr-corporate-social-responsibility\" target=\"_blank\" rel=\"noopener\">\n\t\t\t\t\t\t\t<img loading=\"lazy\" decoding=\"async\" width=\"96\" height=\"96\" src=\"https:\/\/eno.team\/start\/wp-content\/uploads\/2025\/10\/nachhaltigkeit.jpg\" class=\"attachment-large size-large wp-image-2842\" alt=\"\" \/>\t\t\t\t\t\t\t\t<\/a>\n\t\t\t\t\t\t\t\t\t\t\t<figcaption class=\"widget-image-caption wp-caption-text\">Nachhaltigkeit<\/figcaption>\n\t\t\t\t\t\t\t\t\t\t<\/figure>\n\t\t\t\t\t\t\t\t\t<\/div>\n\t\t\t\t<\/div>\n\t\t\t\t<div class=\"elementor-element elementor-element-40723ad elementor-widget elementor-widget-image\" data-id=\"40723ad\" data-element_type=\"widget\" data-e-type=\"widget\" data-widget_type=\"image.default\">\n\t\t\t\t<div class=\"elementor-widget-container\">\n\t\t\t\t\t\t\t\t\t\t\t\t<figure class=\"wp-caption\">\n\t\t\t\t\t\t\t\t\t\t\t<a href=\"https:\/\/www.business-akademie.com\/online-seminare\/new-work-arbeitswelt-fuehrung-organisation\" target=\"_blank\" rel=\"noopener\">\n\t\t\t\t\t\t\t<img loading=\"lazy\" decoding=\"async\" width=\"96\" height=\"96\" src=\"https:\/\/eno.team\/start\/wp-content\/uploads\/2025\/10\/newwork.jpg\" class=\"attachment-large size-large wp-image-2843\" alt=\"\" \/>\t\t\t\t\t\t\t\t<\/a>\n\t\t\t\t\t\t\t\t\t\t\t<figcaption class=\"widget-image-caption wp-caption-text\">New Work<\/figcaption>\n\t\t\t\t\t\t\t\t\t\t<\/figure>\n\t\t\t\t\t\t\t\t\t<\/div>\n\t\t\t\t<\/div>\n\t\t\t\t<div class=\"elementor-element elementor-element-461cc7f elementor-widget elementor-widget-image\" data-id=\"461cc7f\" data-element_type=\"widget\" data-e-type=\"widget\" data-widget_type=\"image.default\">\n\t\t\t\t<div class=\"elementor-widget-container\">\n\t\t\t\t\t\t\t\t\t\t\t\t<figure class=\"wp-caption\">\n\t\t\t\t\t\t\t\t\t\t\t<a href=\"https:\/\/www.business-akademie.com\/online-seminare\/business-sprachen-lernen\" target=\"_blank\" rel=\"noopener\">\n\t\t\t\t\t\t\t<img loading=\"lazy\" decoding=\"async\" width=\"96\" height=\"96\" src=\"https:\/\/eno.team\/start\/wp-content\/uploads\/2025\/10\/sprachen.jpg\" class=\"attachment-large size-large wp-image-2844\" alt=\"\" \/>\t\t\t\t\t\t\t\t<\/a>\n\t\t\t\t\t\t\t\t\t\t\t<figcaption class=\"widget-image-caption wp-caption-text\">Sprachen<\/figcaption>\n\t\t\t\t\t\t\t\t\t\t<\/figure>\n\t\t\t\t\t\t\t\t\t<\/div>\n\t\t\t\t<\/div>\n\t\t\t\t<div class=\"elementor-element elementor-element-260daf5 elementor-widget elementor-widget-image\" data-id=\"260daf5\" data-element_type=\"widget\" data-e-type=\"widget\" data-widget_type=\"image.default\">\n\t\t\t\t<div class=\"elementor-widget-container\">\n\t\t\t\t\t\t\t\t\t\t\t\t<figure class=\"wp-caption\">\n\t\t\t\t\t\t\t\t\t\t\t<a href=\"https:\/\/www.business-akademie.com\/online-seminare\/learning-on-demand-elearning\" target=\"_blank\" rel=\"noopener\">\n\t\t\t\t\t\t\t<img loading=\"lazy\" decoding=\"async\" width=\"96\" height=\"96\" src=\"https:\/\/eno.team\/start\/wp-content\/uploads\/2025\/10\/learningondemand.jpg\" class=\"attachment-large size-large wp-image-2839\" alt=\"\" \/>\t\t\t\t\t\t\t\t<\/a>\n\t\t\t\t\t\t\t\t\t\t\t<figcaption class=\"widget-image-caption wp-caption-text\">Learning on Demand<\/figcaption>\n\t\t\t\t\t\t\t\t\t\t<\/figure>\n\t\t\t\t\t\t\t\t\t<\/div>\n\t\t\t\t<\/div>\n\t\t\t\t<div class=\"elementor-element elementor-element-c482dec elementor-widget elementor-widget-image\" data-id=\"c482dec\" data-element_type=\"widget\" data-e-type=\"widget\" data-widget_type=\"image.default\">\n\t\t\t\t<div class=\"elementor-widget-container\">\n\t\t\t\t\t\t\t\t\t\t\t\t<figure class=\"wp-caption\">\n\t\t\t\t\t\t\t\t\t\t\t<a href=\"https:\/\/www.business-akademie.com\/online-seminare\/technik-innovation\" target=\"_blank\" rel=\"noopener\">\n\t\t\t\t\t\t\t<img loading=\"lazy\" decoding=\"async\" width=\"96\" height=\"96\" src=\"https:\/\/eno.team\/start\/wp-content\/uploads\/2025\/10\/technikinnovation.jpg\" class=\"attachment-large size-large wp-image-2845\" alt=\"\" \/>\t\t\t\t\t\t\t\t<\/a>\n\t\t\t\t\t\t\t\t\t\t\t<figcaption class=\"widget-image-caption wp-caption-text\">Technik und Innovation<\/figcaption>\n\t\t\t\t\t\t\t\t\t\t<\/figure>\n\t\t\t\t\t\t\t\t\t<\/div>\n\t\t\t\t<\/div>\n\t\t\t\t<div class=\"elementor-element elementor-element-de69293 elementor-widget elementor-widget-image\" data-id=\"de69293\" data-element_type=\"widget\" data-e-type=\"widget\" data-widget_type=\"image.default\">\n\t\t\t\t<div class=\"elementor-widget-container\">\n\t\t\t\t\t\t\t\t\t\t\t\t<figure class=\"wp-caption\">\n\t\t\t\t\t\t\t\t\t\t\t<a href=\"https:\/\/www.business-akademie.com\/online-seminare\/wirtschaft-steuern-recht\" target=\"_blank\" rel=\"noopener\">\n\t\t\t\t\t\t\t<img loading=\"lazy\" decoding=\"async\" width=\"96\" height=\"96\" src=\"https:\/\/eno.team\/start\/wp-content\/uploads\/2025\/10\/wirtschaftsteuernrecht.jpg\" class=\"attachment-large size-large wp-image-2846\" alt=\"\" \/>\t\t\t\t\t\t\t\t<\/a>\n\t\t\t\t\t\t\t\t\t\t\t<figcaption class=\"widget-image-caption wp-caption-text\">Wirtschaft, Steuern und Recht<\/figcaption>\n\t\t\t\t\t\t\t\t\t\t<\/figure>\n\t\t\t\t\t\t\t\t\t<\/div>\n\t\t\t\t<\/div>\n\t\t\t\t<div class=\"elementor-element elementor-element-26bac17 elementor-widget elementor-widget-image\" data-id=\"26bac17\" data-element_type=\"widget\" data-e-type=\"widget\" data-widget_type=\"image.default\">\n\t\t\t\t<div class=\"elementor-widget-container\">\n\t\t\t\t\t\t\t\t\t\t\t\t<figure class=\"wp-caption\">\n\t\t\t\t\t\t\t\t\t\t\t<a href=\"https:\/\/www.business-akademie.com\/online-seminare\/wissenskultur-wissensmanagement\" target=\"_blank\" rel=\"noopener\">\n\t\t\t\t\t\t\t<img loading=\"lazy\" decoding=\"async\" width=\"96\" height=\"96\" src=\"https:\/\/eno.team\/start\/wp-content\/uploads\/2025\/10\/wissenskultur.jpg\" class=\"attachment-large size-large wp-image-2847\" alt=\"\" \/>\t\t\t\t\t\t\t\t<\/a>\n\t\t\t\t\t\t\t\t\t\t\t<figcaption class=\"widget-image-caption wp-caption-text\">Wissenskultur<\/figcaption>\n\t\t\t\t\t\t\t\t\t\t<\/figure>\n\t\t\t\t\t\t\t\t\t<\/div>\n\t\t\t\t<\/div>\n\t\t\t\t<div class=\"elementor-element elementor-element-d1a5329 elementor-widget elementor-widget-image\" data-id=\"d1a5329\" data-element_type=\"widget\" data-e-type=\"widget\" data-widget_type=\"image.default\">\n\t\t\t\t<div class=\"elementor-widget-container\">\n\t\t\t\t\t\t\t\t\t\t\t\t<figure class=\"wp-caption\">\n\t\t\t\t\t\t\t\t\t\t\t<a href=\"https:\/\/www.business-akademie.com\/online-seminare\/zertifizierungen\" target=\"_blank\" rel=\"noopener\">\n\t\t\t\t\t\t\t<img loading=\"lazy\" decoding=\"async\" width=\"96\" height=\"96\" src=\"https:\/\/eno.team\/start\/wp-content\/uploads\/2025\/10\/zertifikateabschluesse.jpg\" class=\"attachment-large size-large wp-image-2848\" alt=\"\" \/>\t\t\t\t\t\t\t\t<\/a>\n\t\t\t\t\t\t\t\t\t\t\t<figcaption class=\"widget-image-caption wp-caption-text\">Zertifizierung und Abschl\u00fcsse<\/figcaption>\n\t\t\t\t\t\t\t\t\t\t<\/figure>\n\t\t\t\t\t\t\t\t\t<\/div>\n\t\t\t\t<\/div>\n\t\t\t\t<div class=\"elementor-element elementor-element-f7995b7 elementor-widget elementor-widget-image\" data-id=\"f7995b7\" data-element_type=\"widget\" data-e-type=\"widget\" data-widget_type=\"image.default\">\n\t\t\t\t<div class=\"elementor-widget-container\">\n\t\t\t\t\t\t\t\t\t\t\t\t<figure class=\"wp-caption\">\n\t\t\t\t\t\t\t\t\t\t\t<a href=\"https:\/\/www.business-akademie.com\/online-seminare\/zertifizierungen-fachwirte-ihk\" target=\"_blank\" rel=\"noopener\">\n\t\t\t\t\t\t\t<img loading=\"lazy\" decoding=\"async\" width=\"96\" height=\"96\" src=\"https:\/\/eno.team\/start\/wp-content\/uploads\/2025\/10\/fachwirte.jpg\" class=\"attachment-large size-large wp-image-2835\" alt=\"\" \/>\t\t\t\t\t\t\t\t<\/a>\n\t\t\t\t\t\t\t\t\t\t\t<figcaption class=\"widget-image-caption wp-caption-text\">Fachwirte<\/figcaption>\n\t\t\t\t\t\t\t\t\t\t<\/figure>\n\t\t\t\t\t\t\t\t\t<\/div>\n\t\t\t\t<\/div>\n\t\t\t\t\t<\/div>\n\t\t\t\t<\/div>\n\t\t\t\t<\/div>\n\t\t","protected":false},"excerpt":{"rendered":"<p>ENO Bildung 600+ Kurse Die IBB Business Akademie, eine Marke der IBB Institut f\u00fcr Berufliche Bildung AG, z\u00e4hlt heute zu den f\u00fchrenden Anbietern beruflicher Weiterbildung in Deutschland und ist ein langj\u00e4hriger Partner des S\u00e4chsischen Unternehmerstammtisch e.V.. Sie bietet praxisnahe Seminare, Weiterbildungen und Zertifizierungsprogramme f\u00fcr Einzelpersonen, Unternehmen und Bildungsanbieter an \u2013 mit dem Ziel, Fach- und [&hellip;]<\/p>\n","protected":false},"author":2,"featured_media":0,"parent":0,"menu_order":0,"comment_status":"closed","ping_status":"closed","template":"","meta":{"footnotes":""},"class_list":["post-2829","page","type-page","status-publish","hentry"],"_links":{"self":[{"href":"https:\/\/eno.team\/start\/wp-json\/wp\/v2\/pages\/2829","targetHints":{"allow":["GET"]}}],"collection":[{"href":"https:\/\/eno.team\/start\/wp-json\/wp\/v2\/pages"}],"about":[{"href":"https:\/\/eno.team\/start\/wp-json\/wp\/v2\/types\/page"}],"author":[{"embeddable":true,"href":"https:\/\/eno.team\/start\/wp-json\/wp\/v2\/users\/2"}],"replies":[{"embeddable":true,"href":"https:\/\/eno.team\/start\/wp-json\/wp\/v2\/comments?post=2829"}],"version-history":[{"count":19,"href":"https:\/\/eno.team\/start\/wp-json\/wp\/v2\/pages\/2829\/revisions"}],"predecessor-version":[{"id":2959,"href":"https:\/\/eno.team\/start\/wp-json\/wp\/v2\/pages\/2829\/revisions\/2959"}],"wp:attachment":[{"href":"https:\/\/eno.team\/start\/wp-json\/wp\/v2\/media?parent=2829"}],"curies":[{"name":"wp","href":"https:\/\/api.w.org\/{rel}","templated":true}]}}