{"id":176,"date":"2024-08-02T07:51:42","date_gmt":"2024-08-02T07:51:42","guid":{"rendered":"https:\/\/eno.team\/start\/?page_id=176"},"modified":"2024-09-24T11:16:35","modified_gmt":"2024-09-24T09:16:35","slug":"coaching","status":"publish","type":"page","link":"https:\/\/eno.team\/start\/coaching\/","title":{"rendered":"Coaching"},"content":{"rendered":"\t\t<div data-elementor-type=\"wp-page\" data-elementor-id=\"176\" class=\"elementor elementor-176\" data-elementor-post-type=\"page\">\n\t\t\t\t<div class=\"elementor-element elementor-element-3e87254 e-flex e-con-boxed e-con e-parent\" data-id=\"3e87254\" data-element_type=\"container\" data-e-type=\"container\">\n\t\t\t\t\t<div class=\"e-con-inner\">\n\t\t<div class=\"elementor-element elementor-element-4dedd06 e-flex e-con-boxed e-con e-child\" data-id=\"4dedd06\" data-element_type=\"container\" data-e-type=\"container\">\n\t\t\t\t\t<div class=\"e-con-inner\">\n\t\t<div class=\"elementor-element elementor-element-9a7cddd e-flex e-con-boxed e-con e-child\" data-id=\"9a7cddd\" data-element_type=\"container\" data-e-type=\"container\" data-settings=\"{&quot;background_background&quot;:&quot;classic&quot;}\">\n\t\t\t\t\t<div class=\"e-con-inner\">\n\t\t\t\t\t<\/div>\n\t\t\t\t<\/div>\n\t\t\t\t\t<\/div>\n\t\t\t\t<\/div>\n\t\t\t\t\t<\/div>\n\t\t\t\t<\/div>\n\t\t<div class=\"elementor-element elementor-element-a357b8b e-flex e-con-boxed e-con e-parent\" data-id=\"a357b8b\" data-element_type=\"container\" data-e-type=\"container\">\n\t\t\t\t\t<div class=\"e-con-inner\">\n\t\t<div class=\"elementor-element elementor-element-af64778 e-con-full e-flex e-con e-child\" data-id=\"af64778\" data-element_type=\"container\" data-e-type=\"container\">\n\t\t\t\t<div class=\"elementor-element elementor-element-660942d elementor-widget elementor-widget-text-editor\" data-id=\"660942d\" data-element_type=\"widget\" data-e-type=\"widget\" data-widget_type=\"text-editor.default\">\n\t\t\t\t<div class=\"elementor-widget-container\">\n\t\t\t\t\t\t\t\t\t<p class=\"p1\">Unser Expertenteam mit Vertreterinnen und Vertretern aus dem Bereich<\/p><ul><li class=\"p1\">Pers\u00f6nlichkeitsentwicklung<\/li><li class=\"p1\">F\u00fchrungskr\u00e4ftetraining<\/li><li class=\"p1\">Kommunikation<\/li><li class=\"p1\">Nachhilfe<\/li><li class=\"p1\">Verkauf<\/li><li class=\"p1\">u.v.m.\u00a0<\/li><\/ul><p class=\"p1\">stehen f\u00fcr Ihre Belange zur Verf\u00fcgung. Nehmen Sie unverbindlich Kontakt auf.<\/p>\t\t\t\t\t\t\t\t<\/div>\n\t\t\t\t<\/div>\n\t\t\t\t<div class=\"elementor-element elementor-element-1ab809a elementor-widget elementor-widget-button\" data-id=\"1ab809a\" data-element_type=\"widget\" data-e-type=\"widget\" data-widget_type=\"button.default\">\n\t\t\t\t<div class=\"elementor-widget-container\">\n\t\t\t\t\t\t\t\t\t<div class=\"elementor-button-wrapper\">\n\t\t\t\t\t<a class=\"elementor-button elementor-button-link elementor-size-sm\" href=\"https:\/\/eno.team\/start\/mitglied-werden\/\">\n\t\t\t\t\t\t<span class=\"elementor-button-content-wrapper\">\n\t\t\t\t\t\t\t\t\t<span class=\"elementor-button-text\">Kontakt<\/span>\n\t\t\t\t\t<\/span>\n\t\t\t\t\t<\/a>\n\t\t\t\t<\/div>\n\t\t\t\t\t\t\t\t<\/div>\n\t\t\t\t<\/div>\n\t\t\t\t<\/div>\n\t\t\t\t\t<\/div>\n\t\t\t\t<\/div>\n\t\t\t\t<\/div>\n\t\t","protected":false},"excerpt":{"rendered":"<p>Unser Expertenteam mit Vertreterinnen und Vertretern aus dem Bereich Pers\u00f6nlichkeitsentwicklung F\u00fchrungskr\u00e4ftetraining Kommunikation Nachhilfe Verkauf u.v.m.\u00a0 stehen f\u00fcr Ihre Belange zur Verf\u00fcgung. Nehmen Sie unverbindlich Kontakt auf. Kontakt<\/p>\n","protected":false},"author":2,"featured_media":0,"parent":0,"menu_order":0,"comment_status":"closed","ping_status":"closed","template":"","meta":{"footnotes":""},"class_list":["post-176","page","type-page","status-publish","hentry"],"_links":{"self":[{"href":"https:\/\/eno.team\/start\/wp-json\/wp\/v2\/pages\/176","targetHints":{"allow":["GET"]}}],"collection":[{"href":"https:\/\/eno.team\/start\/wp-json\/wp\/v2\/pages"}],"about":[{"href":"https:\/\/eno.team\/start\/wp-json\/wp\/v2\/types\/page"}],"author":[{"embeddable":true,"href":"https:\/\/eno.team\/start\/wp-json\/wp\/v2\/users\/2"}],"replies":[{"embeddable":true,"href":"https:\/\/eno.team\/start\/wp-json\/wp\/v2\/comments?post=176"}],"version-history":[{"count":18,"href":"https:\/\/eno.team\/start\/wp-json\/wp\/v2\/pages\/176\/revisions"}],"predecessor-version":[{"id":1406,"href":"https:\/\/eno.team\/start\/wp-json\/wp\/v2\/pages\/176\/revisions\/1406"}],"wp:attachment":[{"href":"https:\/\/eno.team\/start\/wp-json\/wp\/v2\/media?parent=176"}],"curies":[{"name":"wp","href":"https:\/\/api.w.org\/{rel}","templated":true}]}}