{"id":113,"date":"2024-07-29T09:51:05","date_gmt":"2024-07-29T09:51:05","guid":{"rendered":"https:\/\/eno.team\/start\/?page_id=113"},"modified":"2024-09-24T11:30:43","modified_gmt":"2024-09-24T09:30:43","slug":"immobilien","status":"publish","type":"page","link":"https:\/\/eno.team\/start\/immobilien\/","title":{"rendered":"Immobilien"},"content":{"rendered":"\t\t<div data-elementor-type=\"wp-page\" data-elementor-id=\"113\" class=\"elementor elementor-113\" data-elementor-post-type=\"page\">\n\t\t\t\t<div class=\"elementor-element elementor-element-c701b0b e-flex e-con-boxed e-con e-parent\" data-id=\"c701b0b\" data-element_type=\"container\" data-e-type=\"container\">\n\t\t\t\t\t<div class=\"e-con-inner\">\n\t\t<div class=\"elementor-element elementor-element-7db1edf e-flex e-con-boxed e-con e-child\" data-id=\"7db1edf\" data-element_type=\"container\" data-e-type=\"container\">\n\t\t\t\t\t<div class=\"e-con-inner\">\n\t\t<div class=\"elementor-element elementor-element-b4d68c1 e-flex e-con-boxed e-con e-child\" data-id=\"b4d68c1\" data-element_type=\"container\" data-e-type=\"container\" data-settings=\"{&quot;background_background&quot;:&quot;classic&quot;}\">\n\t\t\t\t\t<div class=\"e-con-inner\">\n\t\t\t\t\t<\/div>\n\t\t\t\t<\/div>\n\t\t\t\t\t<\/div>\n\t\t\t\t<\/div>\n\t\t\t\t\t<\/div>\n\t\t\t\t<\/div>\n\t\t<div class=\"elementor-element elementor-element-40daea9 e-flex e-con-boxed e-con e-parent\" data-id=\"40daea9\" data-element_type=\"container\" data-e-type=\"container\">\n\t\t\t\t\t<div class=\"e-con-inner\">\n\t\t<div class=\"elementor-element elementor-element-e32fda8 e-con-full e-flex e-con e-child\" data-id=\"e32fda8\" data-element_type=\"container\" data-e-type=\"container\">\n\t\t\t\t<div class=\"elementor-element elementor-element-35d6fb2 elementor-widget elementor-widget-text-editor\" data-id=\"35d6fb2\" data-element_type=\"widget\" data-e-type=\"widget\" data-widget_type=\"text-editor.default\">\n\t\t\t\t<div class=\"elementor-widget-container\">\n\t\t\t\t\t\t\t\t\t<p class=\"p1\">Unser Expertenteam mit Vertreterinnen und Vertretern aus dem Bereich<\/p><ul><li class=\"p1\">Bautr\u00e4ger<\/li><li class=\"p1\">Entsorgung<\/li><li class=\"p1\">Fertighaus<\/li><li class=\"p1\">Geb\u00e4udereinigung<\/li><li class=\"p1\">Hausmeister<\/li><li class=\"p1\">Makler und Sachverst\u00e4ndiger<\/li><li class=\"p1\">Verwaltung<\/li><li class=\"p1\">Strom<\/li><li class=\"p1\">Gas<\/li><li class=\"p1\">u.v.m.<\/li><\/ul><p>stehen f\u00fcr Ihre Belange zur Verf\u00fcgung. Nehmen Sie unverbindlich Kontakt auf.<\/p>\t\t\t\t\t\t\t\t<\/div>\n\t\t\t\t<\/div>\n\t\t\t\t<div class=\"elementor-element elementor-element-cd2d7a3 elementor-widget elementor-widget-button\" data-id=\"cd2d7a3\" data-element_type=\"widget\" data-e-type=\"widget\" data-widget_type=\"button.default\">\n\t\t\t\t<div class=\"elementor-widget-container\">\n\t\t\t\t\t\t\t\t\t<div class=\"elementor-button-wrapper\">\n\t\t\t\t\t<a class=\"elementor-button elementor-button-link elementor-size-sm\" href=\"https:\/\/eno.team\/start\/mitglied-werden\/\">\n\t\t\t\t\t\t<span class=\"elementor-button-content-wrapper\">\n\t\t\t\t\t\t\t\t\t<span class=\"elementor-button-text\">Kontakt<\/span>\n\t\t\t\t\t<\/span>\n\t\t\t\t\t<\/a>\n\t\t\t\t<\/div>\n\t\t\t\t\t\t\t\t<\/div>\n\t\t\t\t<\/div>\n\t\t\t\t<\/div>\n\t\t\t\t\t<\/div>\n\t\t\t\t<\/div>\n\t\t\t\t<\/div>\n\t\t","protected":false},"excerpt":{"rendered":"<p>Unser Expertenteam mit Vertreterinnen und Vertretern aus dem Bereich Bautr\u00e4ger Entsorgung Fertighaus Geb\u00e4udereinigung Hausmeister Makler und Sachverst\u00e4ndiger Verwaltung Strom Gas u.v.m. stehen f\u00fcr Ihre Belange zur Verf\u00fcgung. Nehmen Sie unverbindlich Kontakt auf. Kontakt<\/p>\n","protected":false},"author":2,"featured_media":0,"parent":0,"menu_order":0,"comment_status":"closed","ping_status":"closed","template":"","meta":{"footnotes":""},"class_list":["post-113","page","type-page","status-publish","hentry"],"_links":{"self":[{"href":"https:\/\/eno.team\/start\/wp-json\/wp\/v2\/pages\/113","targetHints":{"allow":["GET"]}}],"collection":[{"href":"https:\/\/eno.team\/start\/wp-json\/wp\/v2\/pages"}],"about":[{"href":"https:\/\/eno.team\/start\/wp-json\/wp\/v2\/types\/page"}],"author":[{"embeddable":true,"href":"https:\/\/eno.team\/start\/wp-json\/wp\/v2\/users\/2"}],"replies":[{"embeddable":true,"href":"https:\/\/eno.team\/start\/wp-json\/wp\/v2\/comments?post=113"}],"version-history":[{"count":17,"href":"https:\/\/eno.team\/start\/wp-json\/wp\/v2\/pages\/113\/revisions"}],"predecessor-version":[{"id":1431,"href":"https:\/\/eno.team\/start\/wp-json\/wp\/v2\/pages\/113\/revisions\/1431"}],"wp:attachment":[{"href":"https:\/\/eno.team\/start\/wp-json\/wp\/v2\/media?parent=113"}],"curies":[{"name":"wp","href":"https:\/\/api.w.org\/{rel}","templated":true}]}}