{"id":101,"date":"2024-07-29T09:41:51","date_gmt":"2024-07-29T09:41:51","guid":{"rendered":"https:\/\/eno.team\/start\/?page_id=101"},"modified":"2024-09-24T11:23:00","modified_gmt":"2024-09-24T09:23:00","slug":"eventservice","status":"publish","type":"page","link":"https:\/\/eno.team\/start\/eventservice\/","title":{"rendered":"Eventservice"},"content":{"rendered":"\t\t<div data-elementor-type=\"wp-page\" data-elementor-id=\"101\" class=\"elementor elementor-101\" data-elementor-post-type=\"page\">\n\t\t\t\t<div class=\"elementor-element elementor-element-b82fe4e e-flex e-con-boxed e-con e-parent\" data-id=\"b82fe4e\" data-element_type=\"container\" data-e-type=\"container\">\n\t\t\t\t\t<div class=\"e-con-inner\">\n\t\t<div class=\"elementor-element elementor-element-37a6535 e-flex e-con-boxed e-con e-child\" data-id=\"37a6535\" data-element_type=\"container\" data-e-type=\"container\">\n\t\t\t\t\t<div class=\"e-con-inner\">\n\t\t<div class=\"elementor-element elementor-element-7376b1f e-flex e-con-boxed e-con e-child\" data-id=\"7376b1f\" data-element_type=\"container\" data-e-type=\"container\" data-settings=\"{&quot;background_background&quot;:&quot;classic&quot;}\">\n\t\t\t\t\t<div class=\"e-con-inner\">\n\t\t\t\t\t<\/div>\n\t\t\t\t<\/div>\n\t\t\t\t\t<\/div>\n\t\t\t\t<\/div>\n\t\t\t\t\t<\/div>\n\t\t\t\t<\/div>\n\t\t<div class=\"elementor-element elementor-element-3b98bc1 e-flex e-con-boxed e-con e-parent\" data-id=\"3b98bc1\" data-element_type=\"container\" data-e-type=\"container\">\n\t\t\t\t\t<div class=\"e-con-inner\">\n\t\t<div class=\"elementor-element elementor-element-9408398 e-con-full e-flex e-con e-child\" data-id=\"9408398\" data-element_type=\"container\" data-e-type=\"container\">\n\t\t\t\t<div class=\"elementor-element elementor-element-1173dd8 elementor-widget elementor-widget-text-editor\" data-id=\"1173dd8\" data-element_type=\"widget\" data-e-type=\"widget\" data-widget_type=\"text-editor.default\">\n\t\t\t\t<div class=\"elementor-widget-container\">\n\t\t\t\t\t\t\t\t\t<p class=\"p1\">Unser Expertenteam mit Vertreterinnen und Vertretern aus dem Bereich<\/p><ul><li class=\"p1\">Eventplanung<\/li><li class=\"p1\">Hotel- und Restaurantbetreiber<\/li><li class=\"p1\">Raumanbieter<\/li><li class=\"p1\">\u00dcbersetzung<\/li><li class=\"p1\">Veranstaltungstechnik<\/li><li class=\"p1\">DJ<\/li><li class=\"p1\">K\u00fcnstler<\/li><li class=\"p1\">Musiker<\/li><li class=\"p1\">Zauberer<\/li><li class=\"p1\">u.v.m.<\/li><\/ul><p>stehen f\u00fcr Ihre Belange zur Verf\u00fcgung. Nehmen Sie unverbindlich Kontakt auf.<\/p>\t\t\t\t\t\t\t\t<\/div>\n\t\t\t\t<\/div>\n\t\t\t\t<div class=\"elementor-element elementor-element-e4500ba elementor-widget elementor-widget-button\" data-id=\"e4500ba\" data-element_type=\"widget\" data-e-type=\"widget\" data-widget_type=\"button.default\">\n\t\t\t\t<div class=\"elementor-widget-container\">\n\t\t\t\t\t\t\t\t\t<div class=\"elementor-button-wrapper\">\n\t\t\t\t\t<a class=\"elementor-button elementor-button-link elementor-size-sm\" href=\"https:\/\/eno.team\/start\/mitglied-werden\/\">\n\t\t\t\t\t\t<span class=\"elementor-button-content-wrapper\">\n\t\t\t\t\t\t\t\t\t<span class=\"elementor-button-text\">Kontakt<\/span>\n\t\t\t\t\t<\/span>\n\t\t\t\t\t<\/a>\n\t\t\t\t<\/div>\n\t\t\t\t\t\t\t\t<\/div>\n\t\t\t\t<\/div>\n\t\t\t\t<\/div>\n\t\t\t\t\t<\/div>\n\t\t\t\t<\/div>\n\t\t\t\t<\/div>\n\t\t","protected":false},"excerpt":{"rendered":"<p>Unser Expertenteam mit Vertreterinnen und Vertretern aus dem Bereich Eventplanung Hotel- und Restaurantbetreiber Raumanbieter \u00dcbersetzung Veranstaltungstechnik DJ K\u00fcnstler Musiker Zauberer u.v.m. stehen f\u00fcr Ihre Belange zur Verf\u00fcgung. Nehmen Sie unverbindlich Kontakt auf. Kontakt<\/p>\n","protected":false},"author":2,"featured_media":0,"parent":0,"menu_order":0,"comment_status":"closed","ping_status":"closed","template":"","meta":{"footnotes":""},"class_list":["post-101","page","type-page","status-publish","hentry"],"_links":{"self":[{"href":"https:\/\/eno.team\/start\/wp-json\/wp\/v2\/pages\/101","targetHints":{"allow":["GET"]}}],"collection":[{"href":"https:\/\/eno.team\/start\/wp-json\/wp\/v2\/pages"}],"about":[{"href":"https:\/\/eno.team\/start\/wp-json\/wp\/v2\/types\/page"}],"author":[{"embeddable":true,"href":"https:\/\/eno.team\/start\/wp-json\/wp\/v2\/users\/2"}],"replies":[{"embeddable":true,"href":"https:\/\/eno.team\/start\/wp-json\/wp\/v2\/comments?post=101"}],"version-history":[{"count":26,"href":"https:\/\/eno.team\/start\/wp-json\/wp\/v2\/pages\/101\/revisions"}],"predecessor-version":[{"id":1415,"href":"https:\/\/eno.team\/start\/wp-json\/wp\/v2\/pages\/101\/revisions\/1415"}],"wp:attachment":[{"href":"https:\/\/eno.team\/start\/wp-json\/wp\/v2\/media?parent=101"}],"curies":[{"name":"wp","href":"https:\/\/api.w.org\/{rel}","templated":true}]}}